{"id":18272,"date":"2024-09-27T14:01:01","date_gmt":"2024-09-27T14:01:01","guid":{"rendered":"https:\/\/patagoniacnc.com\/br\/?page_id=18272"},"modified":"2024-10-24T17:54:28","modified_gmt":"2024-10-24T17:54:28","slug":"routers-cnc-industriais","status":"publish","type":"page","link":"https:\/\/patagoniacnc.com\/br\/routers-cnc-industriais\/","title":{"rendered":"Routers CNC industriais"},"content":{"rendered":"\t\t<div data-elementor-type=\"wp-page\" data-elementor-id=\"18272\" class=\"elementor elementor-18272\" data-elementor-post-type=\"page\">\n\t\t\t\t<div class=\"elementor-element elementor-element-8a9a731 e-flex e-con-boxed e-con e-parent\" data-id=\"8a9a731\" data-element_type=\"container\" data-e-type=\"container\">\n\t\t\t\t\t<div class=\"e-con-inner\">\n\t\t<div class=\"elementor-element elementor-element-4cc3d65 e-flex e-con-boxed e-con e-child\" data-id=\"4cc3d65\" data-element_type=\"container\" data-e-type=\"container\">\n\t\t\t\t\t<div class=\"e-con-inner\">\n\t\t\t\t<div class=\"elementor-element elementor-element-33881de elementor-widget elementor-widget-heading\" data-id=\"33881de\" data-element_type=\"widget\" data-e-type=\"widget\" data-widget_type=\"heading.default\">\n\t\t\t\t<div class=\"elementor-widget-container\">\n\t\t\t\t\t<h1 class=\"elementor-heading-title elementor-size-default\">Routers CNC<\/h1>\t\t\t\t<\/div>\n\t\t\t\t<\/div>\n\t\t\t\t<div class=\"elementor-element elementor-element-e52e0f3 elementor-widget-divider--view-line elementor-widget elementor-widget-divider\" data-id=\"e52e0f3\" data-element_type=\"widget\" data-e-type=\"widget\" data-widget_type=\"divider.default\">\n\t\t\t\t<div class=\"elementor-widget-container\">\n\t\t\t\t\t\t\t<div class=\"elementor-divider\">\n\t\t\t<span class=\"elementor-divider-separator\">\n\t\t\t\t\t\t<\/span>\n\t\t<\/div>\n\t\t\t\t\t\t<\/div>\n\t\t\t\t<\/div>\n\t\t\t\t\t<\/div>\n\t\t\t\t<\/div>\n\t\t\t\t\t<\/div>\n\t\t\t\t<\/div>\n\t\t<div class=\"elementor-element elementor-element-2357df8 e-flex e-con-boxed e-con e-parent\" data-id=\"2357df8\" data-element_type=\"container\" data-e-type=\"container\">\n\t\t\t\t\t<div class=\"e-con-inner\">\n\t\t<div class=\"elementor-element elementor-element-4d3fced e-con-full e-flex e-con e-child\" data-id=\"4d3fced\" data-element_type=\"container\" data-e-type=\"container\">\n\t\t\t\t<div class=\"elementor-element elementor-element-3a4c20a elementor-widget elementor-widget-heading\" data-id=\"3a4c20a\" data-element_type=\"widget\" data-e-type=\"widget\" data-widget_type=\"heading.default\">\n\t\t\t\t<div class=\"elementor-widget-container\">\n\t\t\t\t\t<p class=\"elementor-heading-title elementor-size-default\"><a href=\"https:\/\/patagoniacnc.com\/br\/routers-cnc-industriais\/router\/\">Routers CNC<\/a><\/p>\t\t\t\t<\/div>\n\t\t\t\t<\/div>\n\t\t\t\t<\/div>\n\t\t<div class=\"elementor-element elementor-element-208e12a e-con-full e-flex e-con e-child\" data-id=\"208e12a\" data-element_type=\"container\" data-e-type=\"container\">\n\t\t\t\t<div class=\"elementor-element elementor-element-8cb6272 elementor-widget elementor-widget-heading\" data-id=\"8cb6272\" data-element_type=\"widget\" data-e-type=\"widget\" data-widget_type=\"heading.default\">\n\t\t\t\t<div class=\"elementor-widget-container\">\n\t\t\t\t\t<p class=\"elementor-heading-title elementor-size-default\"><a href=\"https:\/\/patagoniacnc.com\/br\/routers-cnc-industriais\/routers-cnc-5-eixos\/\">Router CNC de 5 eixos<\/a><\/p>\t\t\t\t<\/div>\n\t\t\t\t<\/div>\n\t\t\t\t<\/div>\n\t\t\t\t\t<\/div>\n\t\t\t\t<\/div>\n\t\t<div class=\"elementor-element elementor-element-e3d17b1 e-flex e-con-boxed e-con e-parent\" data-id=\"e3d17b1\" data-element_type=\"container\" data-e-type=\"container\">\n\t\t\t\t\t<div class=\"e-con-inner\">\n\t\t<div class=\"elementor-element elementor-element-c77106b e-con-full e-flex e-con e-child\" data-id=\"c77106b\" data-element_type=\"container\" data-e-type=\"container\">\n\t\t\t\t<div class=\"elementor-element elementor-element-7dfaeab elementor-widget elementor-widget-image\" data-id=\"7dfaeab\" data-element_type=\"widget\" data-e-type=\"widget\" data-widget_type=\"image.default\">\n\t\t\t\t<div class=\"elementor-widget-container\">\n\t\t\t\t\t\t\t\t\t\t\t\t\t\t\t\t<a href=\"https:\/\/patagoniacnc.com\/br\/routers-cnc-industriais\/router\/\">\n\t\t\t\t\t\t\t<img decoding=\"async\" data-src=\"https:\/\/patagoniacnc.com\/br\/wp-content\/uploads\/sites\/13\/elementor\/thumbs\/Router_WEB_2-qv2c5c45obmv03r2m21z16bdanop7ln1dkiio77v28.jpg\" title=\"Router_WEB_2\" alt=\"Router_WEB_2\" src=\"data:image\/svg+xml;base64,PHN2ZyB3aWR0aD0iMSIgaGVpZ2h0PSIxIiB4bWxucz0iaHR0cDovL3d3dy53My5vcmcvMjAwMC9zdmciPjwvc3ZnPg==\" class=\"lazyload\" style=\"--smush-placeholder-width: 400px; --smush-placeholder-aspect-ratio: 400\/225;\" \/>\t\t\t\t\t\t\t\t<\/a>\n\t\t\t\t\t\t\t\t\t\t\t\t\t\t\t<\/div>\n\t\t\t\t<\/div>\n\t\t\t\t<div class=\"elementor-element elementor-element-6b355da elementor-align-left elementor-mobile-align-center elementor-hidden-desktop elementor-hidden-tablet elementor-invisible elementor-widget elementor-widget-button\" data-id=\"6b355da\" data-element_type=\"widget\" data-e-type=\"widget\" data-settings=\"{&quot;_animation&quot;:&quot;fadeInUp&quot;}\" data-widget_type=\"button.default\">\n\t\t\t\t<div class=\"elementor-widget-container\">\n\t\t\t\t\t\t\t\t\t<div class=\"elementor-button-wrapper\">\n\t\t\t\t\t<a class=\"elementor-button elementor-button-link elementor-size-sm elementor-animation-pulse-grow\" href=\"https:\/\/patagoniacnc.com\/br\/routers-cnc-industriais\/router\/\">\n\t\t\t\t\t\t<span class=\"elementor-button-content-wrapper\">\n\t\t\t\t\t\t<span class=\"elementor-button-icon\">\n\t\t\t\t<i aria-hidden=\"true\" class=\"far fa-arrow-alt-circle-right\"><\/i>\t\t\t<\/span>\n\t\t\t\t\t\t\t\t\t<span class=\"elementor-button-text\">Mais Informa\u00e7\u00f5es<\/span>\n\t\t\t\t\t<\/span>\n\t\t\t\t\t<\/a>\n\t\t\t\t<\/div>\n\t\t\t\t\t\t\t\t<\/div>\n\t\t\t\t<\/div>\n\t\t\t\t<\/div>\n\t\t<div class=\"elementor-element elementor-element-a4ace56 e-con-full e-flex e-con e-child\" data-id=\"a4ace56\" data-element_type=\"container\" data-e-type=\"container\">\n\t\t\t\t<div class=\"elementor-element elementor-element-bcd8fee elementor-widget elementor-widget-heading\" data-id=\"bcd8fee\" data-element_type=\"widget\" data-e-type=\"widget\" data-widget_type=\"heading.default\">\n\t\t\t\t<div class=\"elementor-widget-container\">\n\t\t\t\t\t<h2 class=\"elementor-heading-title elementor-size-default\"><a href=\"https:\/\/patagoniacnc.com\/br\/routers-cnc-industriais\/router\/\">Routers CNC<\/a><\/h2>\t\t\t\t<\/div>\n\t\t\t\t<\/div>\n\t\t\t\t<div class=\"elementor-element elementor-element-b4f0555 elementor-widget elementor-widget-heading\" data-id=\"b4f0555\" data-element_type=\"widget\" data-e-type=\"widget\" data-widget_type=\"heading.default\">\n\t\t\t\t<div class=\"elementor-widget-container\">\n\t\t\t\t\t<h3 class=\"elementor-heading-title elementor-size-default\">Padr\u00e3o ou Premium\n<\/h3>\t\t\t\t<\/div>\n\t\t\t\t<\/div>\n\t\t\t\t<div class=\"elementor-element elementor-element-c7aca79 elementor-widget elementor-widget-text-editor\" data-id=\"c7aca79\" data-element_type=\"widget\" data-e-type=\"widget\" data-widget_type=\"text-editor.default\">\n\t\t\t\t<div class=\"elementor-widget-container\">\n\t\t\t\t\t\t\t\t\t<p>A P-CNC \u00e9 a fresadora CNC adequada para fresamento, grava\u00e7\u00e3o, usinagem e moldagem 3D.<\/p><p>Dispon\u00edvel em duas vers\u00f5es: PREMIUM com controlador Syntec e modo de acionamento servomotor ESTUN; e STANDARD com controlador NC-Studio e modo de acionamento de motor de passo.<\/p>\t\t\t\t\t\t\t\t<\/div>\n\t\t\t\t<\/div>\n\t\t\t\t<div class=\"elementor-element elementor-element-fc65031 elementor-align-left elementor-mobile-align-center elementor-hidden-mobile elementor-invisible elementor-widget elementor-widget-button\" data-id=\"fc65031\" data-element_type=\"widget\" data-e-type=\"widget\" data-settings=\"{&quot;_animation&quot;:&quot;fadeInUp&quot;}\" data-widget_type=\"button.default\">\n\t\t\t\t<div class=\"elementor-widget-container\">\n\t\t\t\t\t\t\t\t\t<div class=\"elementor-button-wrapper\">\n\t\t\t\t\t<a class=\"elementor-button elementor-button-link elementor-size-sm elementor-animation-pulse-grow\" href=\"https:\/\/patagoniacnc.com\/br\/routers-cnc-industriais\/router\/\">\n\t\t\t\t\t\t<span class=\"elementor-button-content-wrapper\">\n\t\t\t\t\t\t<span class=\"elementor-button-icon\">\n\t\t\t\t<i aria-hidden=\"true\" class=\"far fa-arrow-alt-circle-right\"><\/i>\t\t\t<\/span>\n\t\t\t\t\t\t\t\t\t<span class=\"elementor-button-text\">Mais Informa\u00e7\u00f5es<\/span>\n\t\t\t\t\t<\/span>\n\t\t\t\t\t<\/a>\n\t\t\t\t<\/div>\n\t\t\t\t\t\t\t\t<\/div>\n\t\t\t\t<\/div>\n\t\t\t\t<\/div>\n\t\t\t\t\t<\/div>\n\t\t\t\t<\/div>\n\t\t<div class=\"elementor-element elementor-element-92e10c8 e-flex e-con-boxed e-con e-parent\" data-id=\"92e10c8\" data-element_type=\"container\" data-e-type=\"container\">\n\t\t\t\t\t<div class=\"e-con-inner\">\n\t\t<div class=\"elementor-element elementor-element-4cb7904 e-con-full e-flex e-con e-child\" data-id=\"4cb7904\" data-element_type=\"container\" data-e-type=\"container\">\n\t\t\t\t<div class=\"elementor-element elementor-element-9c24188 elementor-widget elementor-widget-heading\" data-id=\"9c24188\" data-element_type=\"widget\" data-e-type=\"widget\" data-widget_type=\"heading.default\">\n\t\t\t\t<div class=\"elementor-widget-container\">\n\t\t\t\t\t<h2 class=\"elementor-heading-title elementor-size-default\"><a href=\"https:\/\/patagoniacnc.com\/br\/routers-cnc-industriais\/routers-cnc-5-eixos\/\">Router CNC de 5 Eixos\n<\/a><\/h2>\t\t\t\t<\/div>\n\t\t\t\t<\/div>\n\t\t\t\t<div class=\"elementor-element elementor-element-9eb644e elementor-widget elementor-widget-heading\" data-id=\"9eb644e\" data-element_type=\"widget\" data-e-type=\"widget\" data-widget_type=\"heading.default\">\n\t\t\t\t<div class=\"elementor-widget-container\">\n\t\t\t\t\t<h3 class=\"elementor-heading-title elementor-size-default\">Medi\u00e7\u00e3o Personalizada\n<\/h3>\t\t\t\t<\/div>\n\t\t\t\t<\/div>\n\t\t\t\t<div class=\"elementor-element elementor-element-70a0209 elementor-widget elementor-widget-text-editor\" data-id=\"70a0209\" data-element_type=\"widget\" data-e-type=\"widget\" data-widget_type=\"text-editor.default\">\n\t\t\t\t<div class=\"elementor-widget-container\">\n\t\t\t\t\t\t\t\t\t<p>A fresadora CNC de 5 eixos \u00e9 ideal para fresagem, grava\u00e7\u00e3o, usinagem e moldagem 3D, permitindo criar pe\u00e7as mais complexas gra\u00e7as \u00e0 sua fun\u00e7\u00e3o TCP (Tool Center Point). Equipado com servomotores Siemens ou ESTUN e o avan\u00e7ado controlador Siemens Sinumerik One, oferece m\u00e1xima precis\u00e3o e desempenho. Al\u00e9m disso, \u00e9 feito sob medida de acordo com a necessidade do cliente, adaptando-se a cada projeto.<\/p>\t\t\t\t\t\t\t\t<\/div>\n\t\t\t\t<\/div>\n\t\t\t\t<div class=\"elementor-element elementor-element-bf9756d elementor-align-right elementor-mobile-align-center elementor-hidden-mobile elementor-invisible elementor-widget elementor-widget-button\" data-id=\"bf9756d\" data-element_type=\"widget\" data-e-type=\"widget\" data-settings=\"{&quot;_animation&quot;:&quot;fadeInUp&quot;}\" data-widget_type=\"button.default\">\n\t\t\t\t<div class=\"elementor-widget-container\">\n\t\t\t\t\t\t\t\t\t<div class=\"elementor-button-wrapper\">\n\t\t\t\t\t<a class=\"elementor-button elementor-button-link elementor-size-sm elementor-animation-pulse-grow\" href=\"https:\/\/patagoniacnc.com\/br\/routers-cnc-industriais\/routers-cnc-5-eixos\/\">\n\t\t\t\t\t\t<span class=\"elementor-button-content-wrapper\">\n\t\t\t\t\t\t<span class=\"elementor-button-icon\">\n\t\t\t\t<i aria-hidden=\"true\" class=\"far fa-arrow-alt-circle-right\"><\/i>\t\t\t<\/span>\n\t\t\t\t\t\t\t\t\t<span class=\"elementor-button-text\">Mais Informa\u00e7\u00f5es<\/span>\n\t\t\t\t\t<\/span>\n\t\t\t\t\t<\/a>\n\t\t\t\t<\/div>\n\t\t\t\t\t\t\t\t<\/div>\n\t\t\t\t<\/div>\n\t\t\t\t<\/div>\n\t\t<div class=\"elementor-element elementor-element-2a363fc e-con-full e-flex e-con e-child\" data-id=\"2a363fc\" data-element_type=\"container\" data-e-type=\"container\">\n\t\t\t\t<div class=\"elementor-element elementor-element-299abf7 elementor-widget elementor-widget-image\" data-id=\"299abf7\" data-element_type=\"widget\" data-e-type=\"widget\" data-widget_type=\"image.default\">\n\t\t\t\t<div class=\"elementor-widget-container\">\n\t\t\t\t\t\t\t\t\t\t\t\t\t\t\t\t<a href=\"https:\/\/patagoniacnc.com\/br\/routers-cnc-industriais\/routers-cnc-5-eixos\/\">\n\t\t\t\t\t\t\t<img decoding=\"async\" data-src=\"https:\/\/patagoniacnc.com\/br\/wp-content\/uploads\/sites\/13\/elementor\/thumbs\/Router-5-ejes-1-qv2c5exo8tqpyxmz5l9uqnlr2tasuoy8dygz413ojk.webp\" title=\"Router-5-ejes-1\" alt=\"Router-5-ejes-1\" src=\"data:image\/svg+xml;base64,PHN2ZyB3aWR0aD0iMSIgaGVpZ2h0PSIxIiB4bWxucz0iaHR0cDovL3d3dy53My5vcmcvMjAwMC9zdmciPjwvc3ZnPg==\" class=\"lazyload\" style=\"--smush-placeholder-width: 400px; --smush-placeholder-aspect-ratio: 400\/225;\" \/>\t\t\t\t\t\t\t\t<\/a>\n\t\t\t\t\t\t\t\t\t\t\t\t\t\t\t<\/div>\n\t\t\t\t<\/div>\n\t\t\t\t<div class=\"elementor-element elementor-element-c8a17f9 elementor-align-left elementor-mobile-align-center elementor-hidden-desktop elementor-hidden-tablet elementor-invisible elementor-widget elementor-widget-button\" data-id=\"c8a17f9\" data-element_type=\"widget\" data-e-type=\"widget\" data-settings=\"{&quot;_animation&quot;:&quot;fadeInUp&quot;}\" data-widget_type=\"button.default\">\n\t\t\t\t<div class=\"elementor-widget-container\">\n\t\t\t\t\t\t\t\t\t<div class=\"elementor-button-wrapper\">\n\t\t\t\t\t<a class=\"elementor-button elementor-button-link elementor-size-sm elementor-animation-pulse-grow\" href=\"https:\/\/patagoniacnc.com\/br\/routers-cnc-industriais\/routers-cnc-5-eixos\/\">\n\t\t\t\t\t\t<span class=\"elementor-button-content-wrapper\">\n\t\t\t\t\t\t<span class=\"elementor-button-icon\">\n\t\t\t\t<i aria-hidden=\"true\" class=\"far fa-arrow-alt-circle-right\"><\/i>\t\t\t<\/span>\n\t\t\t\t\t\t\t\t\t<span class=\"elementor-button-text\">Mais Informa\u00e7\u00f5es<\/span>\n\t\t\t\t\t<\/span>\n\t\t\t\t\t<\/a>\n\t\t\t\t<\/div>\n\t\t\t\t\t\t\t\t<\/div>\n\t\t\t\t<\/div>\n\t\t\t\t<\/div>\n\t\t\t\t\t<\/div>\n\t\t\t\t<\/div>\n\t\t\t\t<\/div>\n\t\t","protected":false},"excerpt":{"rendered":"<p>Routers CNC Routers CNC Router CNC de 5 eixos Mais Informa\u00e7\u00f5es Routers CNC Padr\u00e3o ou Premium A P-CNC \u00e9 a [&hellip;]<\/p>\n","protected":false},"author":8,"featured_media":0,"parent":0,"menu_order":0,"comment_status":"closed","ping_status":"closed","template":"","meta":{"site-sidebar-layout":"no-sidebar","site-content-layout":"","ast-site-content-layout":"full-width-container","site-content-style":"default","site-sidebar-style":"default","ast-global-header-display":"","ast-banner-title-visibility":"","ast-main-header-display":"","ast-hfb-above-header-display":"","ast-hfb-below-header-display":"","ast-hfb-mobile-header-display":"","site-post-title":"disabled","ast-breadcrumbs-content":"","ast-featured-img":"disabled","footer-sml-layout":"","ast-disable-related-posts":"","theme-transparent-header-meta":"","adv-header-id-meta":"","stick-header-meta":"","header-above-stick-meta":"","header-main-stick-meta":"","header-below-stick-meta":"","astra-migrate-meta-layouts":"default","ast-page-background-enabled":"default","ast-page-background-meta":{"desktop":{"background-color":"var(--ast-global-color-4)","background-image":"","background-repeat":"repeat","background-position":"center center","background-size":"auto","background-attachment":"scroll","background-type":"","background-media":"","overlay-type":"","overlay-color":"","overlay-opacity":"","overlay-gradient":""},"tablet":{"background-color":"","background-image":"","background-repeat":"repeat","background-position":"center center","background-size":"auto","background-attachment":"scroll","background-type":"","background-media":"","overlay-type":"","overlay-color":"","overlay-opacity":"","overlay-gradient":""},"mobile":{"background-color":"","background-image":"","background-repeat":"repeat","background-position":"center center","background-size":"auto","background-attachment":"scroll","background-type":"","background-media":"","overlay-type":"","overlay-color":"","overlay-opacity":"","overlay-gradient":""}},"ast-content-background-meta":{"desktop":{"background-color":"var(--ast-global-color-5)","background-image":"","background-repeat":"repeat","background-position":"center center","background-size":"auto","background-attachment":"scroll","background-type":"","background-media":"","overlay-type":"","overlay-color":"","overlay-opacity":"","overlay-gradient":""},"tablet":{"background-color":"var(--ast-global-color-5)","background-image":"","background-repeat":"repeat","background-position":"center center","background-size":"auto","background-attachment":"scroll","background-type":"","background-media":"","overlay-type":"","overlay-color":"","overlay-opacity":"","overlay-gradient":""},"mobile":{"background-color":"var(--ast-global-color-5)","background-image":"","background-repeat":"repeat","background-position":"center center","background-size":"auto","background-attachment":"scroll","background-type":"","background-media":"","overlay-type":"","overlay-color":"","overlay-opacity":"","overlay-gradient":""}},"_joinchat":[],"footnotes":""},"class_list":["post-18272","page","type-page","status-publish","hentry"],"yoast_head":"<!-- This site is optimized with the Yoast SEO plugin v23.5 - https:\/\/yoast.com\/wordpress\/plugins\/seo\/ -->\n<title>Routers CNC industriais - Patagonia CNC Machines - Brasil<\/title>\n<meta name=\"robots\" content=\"index, follow, max-snippet:-1, max-image-preview:large, max-video-preview:-1\" \/>\n<link rel=\"canonical\" href=\"https:\/\/patagoniacnc.com\/br\/routers-cnc-industriais\/\" \/>\n<meta property=\"og:locale\" content=\"pt_BR\" \/>\n<meta property=\"og:type\" content=\"article\" \/>\n<meta property=\"og:title\" content=\"Routers CNC industriais - Patagonia CNC Machines - Brasil\" \/>\n<meta property=\"og:description\" content=\"Routers CNC Routers CNC Router CNC de 5 eixos Mais Informa\u00e7\u00f5es Routers CNC Padr\u00e3o ou Premium A P-CNC \u00e9 a [&hellip;]\" \/>\n<meta property=\"og:url\" content=\"https:\/\/patagoniacnc.com\/br\/routers-cnc-industriais\/\" \/>\n<meta property=\"og:site_name\" content=\"Patagonia CNC Machines - Brasil\" \/>\n<meta property=\"article:modified_time\" content=\"2024-10-24T17:54:28+00:00\" \/>\n<meta property=\"og:image\" content=\"https:\/\/patagoniacnc.com\/br\/wp-content\/uploads\/sites\/13\/elementor\/thumbs\/Router_WEB_2-qv2c5c45obmv03r2m21z16bdanop7ln1dkiio77v28.jpg\" \/>\n<meta name=\"twitter:card\" content=\"summary_large_image\" \/>\n<meta name=\"twitter:label1\" content=\"Est. tempo de leitura\" \/>\n\t<meta name=\"twitter:data1\" content=\"2 minutos\" \/>\n<script type=\"application\/ld+json\" class=\"yoast-schema-graph\">{\"@context\":\"https:\/\/schema.org\",\"@graph\":[{\"@type\":\"WebPage\",\"@id\":\"https:\/\/patagoniacnc.com\/br\/routers-cnc-industriais\/\",\"url\":\"https:\/\/patagoniacnc.com\/br\/routers-cnc-industriais\/\",\"name\":\"Routers CNC industriais - Patagonia CNC Machines - Brasil\",\"isPartOf\":{\"@id\":\"https:\/\/patagoniacnc.com\/br\/#website\"},\"primaryImageOfPage\":{\"@id\":\"https:\/\/patagoniacnc.com\/br\/routers-cnc-industriais\/#primaryimage\"},\"image\":{\"@id\":\"https:\/\/patagoniacnc.com\/br\/routers-cnc-industriais\/#primaryimage\"},\"thumbnailUrl\":\"https:\/\/patagoniacnc.com\/br\/wp-content\/uploads\/sites\/13\/elementor\/thumbs\/Router_WEB_2-qv2c5c45obmv03r2m21z16bdanop7ln1dkiio77v28.jpg\",\"datePublished\":\"2024-09-27T14:01:01+00:00\",\"dateModified\":\"2024-10-24T17:54:28+00:00\",\"breadcrumb\":{\"@id\":\"https:\/\/patagoniacnc.com\/br\/routers-cnc-industriais\/#breadcrumb\"},\"inLanguage\":\"pt-BR\",\"potentialAction\":[{\"@type\":\"ReadAction\",\"target\":[\"https:\/\/patagoniacnc.com\/br\/routers-cnc-industriais\/\"]}]},{\"@type\":\"ImageObject\",\"inLanguage\":\"pt-BR\",\"@id\":\"https:\/\/patagoniacnc.com\/br\/routers-cnc-industriais\/#primaryimage\",\"url\":\"https:\/\/patagoniacnc.com\/br\/wp-content\/uploads\/sites\/13\/elementor\/thumbs\/Router_WEB_2-qv2c5c45obmv03r2m21z16bdanop7ln1dkiio77v28.jpg\",\"contentUrl\":\"https:\/\/patagoniacnc.com\/br\/wp-content\/uploads\/sites\/13\/elementor\/thumbs\/Router_WEB_2-qv2c5c45obmv03r2m21z16bdanop7ln1dkiio77v28.jpg\"},{\"@type\":\"BreadcrumbList\",\"@id\":\"https:\/\/patagoniacnc.com\/br\/routers-cnc-industriais\/#breadcrumb\",\"itemListElement\":[{\"@type\":\"ListItem\",\"position\":1,\"name\":\"Home\",\"item\":\"https:\/\/patagoniacnc.com\/br\/\"},{\"@type\":\"ListItem\",\"position\":2,\"name\":\"Routers CNC industriais\"}]},{\"@type\":\"WebSite\",\"@id\":\"https:\/\/patagoniacnc.com\/br\/#website\",\"url\":\"https:\/\/patagoniacnc.com\/br\/\",\"name\":\"Patagonia CNC Machines - Brasil\",\"description\":\"\",\"publisher\":{\"@id\":\"https:\/\/patagoniacnc.com\/br\/#organization\"},\"potentialAction\":[{\"@type\":\"SearchAction\",\"target\":{\"@type\":\"EntryPoint\",\"urlTemplate\":\"https:\/\/patagoniacnc.com\/br\/?s={search_term_string}\"},\"query-input\":{\"@type\":\"PropertyValueSpecification\",\"valueRequired\":true,\"valueName\":\"search_term_string\"}}],\"inLanguage\":\"pt-BR\"},{\"@type\":\"Organization\",\"@id\":\"https:\/\/patagoniacnc.com\/br\/#organization\",\"name\":\"Patagonia CNC Machines - Brasil\",\"url\":\"https:\/\/patagoniacnc.com\/br\/\",\"logo\":{\"@type\":\"ImageObject\",\"inLanguage\":\"pt-BR\",\"@id\":\"https:\/\/patagoniacnc.com\/br\/#\/schema\/logo\/image\/\",\"url\":\"https:\/\/patagoniacnc.com\/br\/wp-content\/uploads\/sites\/13\/2017\/06\/cropped-Logos-Patagonia-y-Universal-Robots-01-2-scaled-1.jpg\",\"contentUrl\":\"https:\/\/patagoniacnc.com\/br\/wp-content\/uploads\/sites\/13\/2017\/06\/cropped-Logos-Patagonia-y-Universal-Robots-01-2-scaled-1.jpg\",\"width\":2202,\"height\":1339,\"caption\":\"Patagonia CNC Machines - Brasil\"},\"image\":{\"@id\":\"https:\/\/patagoniacnc.com\/br\/#\/schema\/logo\/image\/\"}}]}<\/script>\n<!-- \/ Yoast SEO plugin. -->","yoast_head_json":{"title":"Routers CNC industriais - Patagonia CNC Machines - Brasil","robots":{"index":"index","follow":"follow","max-snippet":"max-snippet:-1","max-image-preview":"max-image-preview:large","max-video-preview":"max-video-preview:-1"},"canonical":"https:\/\/patagoniacnc.com\/br\/routers-cnc-industriais\/","og_locale":"pt_BR","og_type":"article","og_title":"Routers CNC industriais - Patagonia CNC Machines - Brasil","og_description":"Routers CNC Routers CNC Router CNC de 5 eixos Mais Informa\u00e7\u00f5es Routers CNC Padr\u00e3o ou Premium A P-CNC \u00e9 a [&hellip;]","og_url":"https:\/\/patagoniacnc.com\/br\/routers-cnc-industriais\/","og_site_name":"Patagonia CNC Machines - Brasil","article_modified_time":"2024-10-24T17:54:28+00:00","og_image":[{"url":"https:\/\/patagoniacnc.com\/br\/wp-content\/uploads\/sites\/13\/elementor\/thumbs\/Router_WEB_2-qv2c5c45obmv03r2m21z16bdanop7ln1dkiio77v28.jpg"}],"twitter_card":"summary_large_image","twitter_misc":{"Est. tempo de leitura":"2 minutos"},"schema":{"@context":"https:\/\/schema.org","@graph":[{"@type":"WebPage","@id":"https:\/\/patagoniacnc.com\/br\/routers-cnc-industriais\/","url":"https:\/\/patagoniacnc.com\/br\/routers-cnc-industriais\/","name":"Routers CNC industriais - Patagonia CNC Machines - Brasil","isPartOf":{"@id":"https:\/\/patagoniacnc.com\/br\/#website"},"primaryImageOfPage":{"@id":"https:\/\/patagoniacnc.com\/br\/routers-cnc-industriais\/#primaryimage"},"image":{"@id":"https:\/\/patagoniacnc.com\/br\/routers-cnc-industriais\/#primaryimage"},"thumbnailUrl":"https:\/\/patagoniacnc.com\/br\/wp-content\/uploads\/sites\/13\/elementor\/thumbs\/Router_WEB_2-qv2c5c45obmv03r2m21z16bdanop7ln1dkiio77v28.jpg","datePublished":"2024-09-27T14:01:01+00:00","dateModified":"2024-10-24T17:54:28+00:00","breadcrumb":{"@id":"https:\/\/patagoniacnc.com\/br\/routers-cnc-industriais\/#breadcrumb"},"inLanguage":"pt-BR","potentialAction":[{"@type":"ReadAction","target":["https:\/\/patagoniacnc.com\/br\/routers-cnc-industriais\/"]}]},{"@type":"ImageObject","inLanguage":"pt-BR","@id":"https:\/\/patagoniacnc.com\/br\/routers-cnc-industriais\/#primaryimage","url":"https:\/\/patagoniacnc.com\/br\/wp-content\/uploads\/sites\/13\/elementor\/thumbs\/Router_WEB_2-qv2c5c45obmv03r2m21z16bdanop7ln1dkiio77v28.jpg","contentUrl":"https:\/\/patagoniacnc.com\/br\/wp-content\/uploads\/sites\/13\/elementor\/thumbs\/Router_WEB_2-qv2c5c45obmv03r2m21z16bdanop7ln1dkiio77v28.jpg"},{"@type":"BreadcrumbList","@id":"https:\/\/patagoniacnc.com\/br\/routers-cnc-industriais\/#breadcrumb","itemListElement":[{"@type":"ListItem","position":1,"name":"Home","item":"https:\/\/patagoniacnc.com\/br\/"},{"@type":"ListItem","position":2,"name":"Routers CNC industriais"}]},{"@type":"WebSite","@id":"https:\/\/patagoniacnc.com\/br\/#website","url":"https:\/\/patagoniacnc.com\/br\/","name":"Patagonia CNC Machines - Brasil","description":"","publisher":{"@id":"https:\/\/patagoniacnc.com\/br\/#organization"},"potentialAction":[{"@type":"SearchAction","target":{"@type":"EntryPoint","urlTemplate":"https:\/\/patagoniacnc.com\/br\/?s={search_term_string}"},"query-input":{"@type":"PropertyValueSpecification","valueRequired":true,"valueName":"search_term_string"}}],"inLanguage":"pt-BR"},{"@type":"Organization","@id":"https:\/\/patagoniacnc.com\/br\/#organization","name":"Patagonia CNC Machines - Brasil","url":"https:\/\/patagoniacnc.com\/br\/","logo":{"@type":"ImageObject","inLanguage":"pt-BR","@id":"https:\/\/patagoniacnc.com\/br\/#\/schema\/logo\/image\/","url":"https:\/\/patagoniacnc.com\/br\/wp-content\/uploads\/sites\/13\/2017\/06\/cropped-Logos-Patagonia-y-Universal-Robots-01-2-scaled-1.jpg","contentUrl":"https:\/\/patagoniacnc.com\/br\/wp-content\/uploads\/sites\/13\/2017\/06\/cropped-Logos-Patagonia-y-Universal-Robots-01-2-scaled-1.jpg","width":2202,"height":1339,"caption":"Patagonia CNC Machines - Brasil"},"image":{"@id":"https:\/\/patagoniacnc.com\/br\/#\/schema\/logo\/image\/"}}]}},"_links":{"self":[{"href":"https:\/\/patagoniacnc.com\/br\/wp-json\/wp\/v2\/pages\/18272","targetHints":{"allow":["GET"]}}],"collection":[{"href":"https:\/\/patagoniacnc.com\/br\/wp-json\/wp\/v2\/pages"}],"about":[{"href":"https:\/\/patagoniacnc.com\/br\/wp-json\/wp\/v2\/types\/page"}],"author":[{"embeddable":true,"href":"https:\/\/patagoniacnc.com\/br\/wp-json\/wp\/v2\/users\/8"}],"replies":[{"embeddable":true,"href":"https:\/\/patagoniacnc.com\/br\/wp-json\/wp\/v2\/comments?post=18272"}],"version-history":[{"count":45,"href":"https:\/\/patagoniacnc.com\/br\/wp-json\/wp\/v2\/pages\/18272\/revisions"}],"predecessor-version":[{"id":19499,"href":"https:\/\/patagoniacnc.com\/br\/wp-json\/wp\/v2\/pages\/18272\/revisions\/19499"}],"wp:attachment":[{"href":"https:\/\/patagoniacnc.com\/br\/wp-json\/wp\/v2\/media?parent=18272"}],"curies":[{"name":"wp","href":"https:\/\/api.w.org\/{rel}","templated":true}]}}